{"id":42789,"date":"2024-07-15T07:02:39","date_gmt":"2024-07-15T04:02:39","guid":{"rendered":"https:\/\/nanotekas.lt\/produktas\/life-miracle-stain-and-odor-remover\/"},"modified":"2026-04-01T03:48:39","modified_gmt":"2026-04-01T00:48:39","slug":"life-miracle-stain-and-odor-remover","status":"publish","type":"product","link":"https:\/\/nanotekas.lt\/en\/produktas\/life-miracle-stain-and-odor-remover\/","title":{"rendered":"\u201eLife Miracle\u201c stain and odor remover"},"content":{"rendered":"<p><strong>Are you tired of toxic chemicals that make breathing difficult and can cause serious skin and respiratory problems for you and your pets?<\/strong><\/p>\n<p style=\"text-align: justify;\">It&#8217;s time to try an all-natural, non-toxic enzyme cleaner that delivers results you can only dream of with chemical cleaners.<\/p>\n<ol style=\"text-align: justify;\">\n<li><strong>   <\/strong><strong>High-quality, more efficient cleaning. <\/strong>Cleans and deodorizes even toughest stains. Enzymes are eco-friendly and safe for use in the home environment, harmless to children and pets, but their powerful cleaning surpasses harmful chemical cleaners. This proprietary multi-enzyme formula works effectively in minutes, removing stains and odors at the molecular level, all without toxic chemicals.<\/li>\n<\/ol>\n<p style=\"text-align: justify;\">Non-toxic, ecological and allergy-free. Safe to use with colored and delicate fabrics, does not harm water supply, sewage systems. STRONG CONCENTRATE &#8211; from 236.58 ml concentrate You will make 3,8 liters of strong, efficient cleaner. Made in U.S.A.!<\/p>\n<ol style=\"text-align: justify;\" start=\"2\">\n<li><strong>   <\/strong><strong>Highly versatile Safely and effectively remove stains and odors from virtually all surfaces.<\/strong> Completely removes blood, sweat, oil, grass, berries, tomato sauce, makeup, fruit, red wine, dirt, cosmetics and countless other stains and odors. Works effectively on clothes, carpets, upholstery, shirts, bedding, car seats, cloth diapers and other washable fabrics. Safe to clean pet beds, toilets, bird cages, etc. Naturally biodegradable, kills and removes stains and odors.<\/li>\n<\/ol>\n<ol style=\"text-align: justify;\" start=\"3\">\n<li><strong>   <\/strong><strong>Safely removes any type of smell or stain<\/strong>. The cleaner completely eliminates odors by breaking down and removing the odor-causing agent, rather than masking it with a chemical odor. By using just single product, You can both remove the stains and bad smell. All dog and cat odors from pet toilets, furniture upholstery, car interiors and carpets can now be safely and effectively removed. Clean and deodorize all areas of the home without worrying about toxic cleaning residue.<\/li>\n<\/ol>\n<ol start=\"4\">\n<li style=\"text-align: justify;\"><strong>   <\/strong><strong>Much safer for Your health<\/strong> than toxic chemical cleaners that can get into the eyes, lungs, blood, brain, skin and other organs. It is not only good for you, but it will not harm the surfaces being cleaned, such as: upholstery, carpets, clothes, etc. You can clean counter-tops and cooking surfaces without worrying about toxic residue.<\/li>\n<\/ol>\n<p>&nbsp;<\/p>\n<p><strong>Capacity: 236 ml of concentrate makes 3.8 litres of cleaner<\/strong><\/p>\n","protected":false},"excerpt":{"rendered":"<p><span lang=\"lt\" xml:lang=\"lt\">Life Miracle dog, cat and other animal odor remover CONCENTRATE, PERFECT for cleaning dog and cat stains, odor removal, urine odor neutralization, upholstery and carpet cleaning. From 236.58 ml concentrate You will make 3,8L of cleaner.<\/span><span lang=\"lt\" xml:lang=\"lt\"> <\/span><\/p>\n","protected":false},"featured_media":1361,"comment_status":"open","ping_status":"closed","template":"","meta":{"_acf_changed":false},"product_brand":[],"product_cat":[88,89],"product_tag":[],"class_list":{"0":"post-42789","1":"product","2":"type-product","3":"status-publish","4":"has-post-thumbnail","6":"product_cat-home-care-products","7":"product_cat-home-cleaners","9":"first","10":"instock","11":"sale","12":"taxable","13":"shipping-taxable","14":"purchasable","15":"product-type-simple"},"composite_virtual":false,"composite_layout":"","composite_add_to_cart_form_location":"","composite_editable_in_cart":false,"composite_sold_individually_context":"","composite_shop_price_calc":"","composite_components":[],"composite_scenarios":[],"bundle_layout":"","bundle_add_to_cart_form_location":"","bundle_editable_in_cart":false,"bundle_sold_individually_context":"","bundle_item_grouping":"","bundle_min_size":"","bundle_max_size":"","bundled_by":[],"bundled_items":[],"acf":[],"gallery_images":[1357,1359],"yoast_head":"<!-- This site is optimized with the Yoast SEO plugin v26.8 - https:\/\/yoast.com\/product\/yoast-seo-wordpress\/ -->\n<title>\u201eLife Miracle\u201c stain and odor remover - Nanotekas<\/title>\n<meta name=\"robots\" content=\"index, follow, max-snippet:-1, max-image-preview:large, max-video-preview:-1\" \/>\n<link rel=\"canonical\" href=\"https:\/\/nanotekas.lt\/en\/produktas\/life-miracle-stain-and-odor-remover\/\" \/>\n<meta property=\"og:locale\" content=\"en_US\" \/>\n<meta property=\"og:type\" content=\"article\" \/>\n<meta property=\"og:title\" content=\"\u201eLife Miracle\u201c stain and odor remover - Nanotekas\" \/>\n<meta property=\"og:description\" content=\"Life Miracle dog, cat and other animal odor remover CONCENTRATE, PERFECT for cleaning dog and cat stains, odor removal, urine odor neutralization, upholstery and carpet cleaning. From 236.58 ml concentrate You will make 3,8L of cleaner.\" \/>\n<meta property=\"og:url\" content=\"https:\/\/nanotekas.lt\/en\/produktas\/life-miracle-stain-and-odor-remover\/\" \/>\n<meta property=\"og:site_name\" content=\"Nanotekas\" \/>\n<meta property=\"article:modified_time\" content=\"2026-04-01T00:48:39+00:00\" \/>\n<meta property=\"og:image\" content=\"https:\/\/nanotekas.lt\/wp-content\/uploads\/2024\/07\/Stain-odor.png\" \/>\n\t<meta property=\"og:image:width\" content=\"1200\" \/>\n\t<meta property=\"og:image:height\" content=\"1200\" \/>\n\t<meta property=\"og:image:type\" content=\"image\/png\" \/>\n<meta name=\"twitter:card\" content=\"summary_large_image\" \/>\n<meta name=\"twitter:label1\" content=\"Est. reading time\" \/>\n\t<meta name=\"twitter:data1\" content=\"2 minutes\" \/>\n<!-- \/ Yoast SEO plugin. -->","yoast_head_json":{"title":"\u201eLife Miracle\u201c stain and odor remover - Nanotekas","robots":{"index":"index","follow":"follow","max-snippet":"max-snippet:-1","max-image-preview":"max-image-preview:large","max-video-preview":"max-video-preview:-1"},"canonical":"https:\/\/nanotekas.lt\/en\/produktas\/life-miracle-stain-and-odor-remover\/","og_locale":"en_US","og_type":"article","og_title":"\u201eLife Miracle\u201c stain and odor remover - Nanotekas","og_description":"Life Miracle dog, cat and other animal odor remover CONCENTRATE, PERFECT for cleaning dog and cat stains, odor removal, urine odor neutralization, upholstery and carpet cleaning. From 236.58 ml concentrate You will make 3,8L of cleaner.","og_url":"https:\/\/nanotekas.lt\/en\/produktas\/life-miracle-stain-and-odor-remover\/","og_site_name":"Nanotekas","article_modified_time":"2026-04-01T00:48:39+00:00","og_image":[{"width":1200,"height":1200,"url":"https:\/\/nanotekas.lt\/wp-content\/uploads\/2024\/07\/Stain-odor.png","type":"image\/png"}],"twitter_card":"summary_large_image","twitter_misc":{"Est. reading time":"2 minutes"},"schema":{"@context":"https:\/\/schema.org","@graph":[{"@type":"WebPage","@id":"https:\/\/nanotekas.lt\/en\/produktas\/life-miracle-stain-and-odor-remover\/","url":"https:\/\/nanotekas.lt\/en\/produktas\/life-miracle-stain-and-odor-remover\/","name":"\u201eLife Miracle\u201c stain and odor remover - Nanotekas","isPartOf":{"@id":"https:\/\/nanotekas.lt\/en\/#website"},"primaryImageOfPage":{"@id":"https:\/\/nanotekas.lt\/en\/produktas\/life-miracle-stain-and-odor-remover\/#primaryimage"},"image":{"@id":"https:\/\/nanotekas.lt\/en\/produktas\/life-miracle-stain-and-odor-remover\/#primaryimage"},"thumbnailUrl":"https:\/\/nanotekas.lt\/wp-content\/uploads\/2024\/07\/Stain-odor.png","datePublished":"2024-07-15T04:02:39+00:00","dateModified":"2026-04-01T00:48:39+00:00","breadcrumb":{"@id":"https:\/\/nanotekas.lt\/en\/produktas\/life-miracle-stain-and-odor-remover\/#breadcrumb"},"inLanguage":"en-US","potentialAction":[{"@type":"ReadAction","target":["https:\/\/nanotekas.lt\/en\/produktas\/life-miracle-stain-and-odor-remover\/"]}]},{"@type":"ImageObject","inLanguage":"en-US","@id":"https:\/\/nanotekas.lt\/en\/produktas\/life-miracle-stain-and-odor-remover\/#primaryimage","url":"https:\/\/nanotekas.lt\/wp-content\/uploads\/2024\/07\/Stain-odor.png","contentUrl":"https:\/\/nanotekas.lt\/wp-content\/uploads\/2024\/07\/Stain-odor.png","width":1200,"height":1200,"caption":"\u201eLife Miracle\u201c gyv\u016bn\u0173 d\u0117mi\u0173 ir kvap\u0173 valiklis 1"},{"@type":"BreadcrumbList","@id":"https:\/\/nanotekas.lt\/en\/produktas\/life-miracle-stain-and-odor-remover\/#breadcrumb","itemListElement":[{"@type":"ListItem","position":1,"name":"Homepage","item":"https:\/\/nanotekas.lt\/en\/homepage\/"},{"@type":"ListItem","position":2,"name":"Shop","item":"https:\/\/nanotekas.lt\/en\/shop\/"},{"@type":"ListItem","position":3,"name":"Home care products","item":"https:\/\/nanotekas.lt\/en\/product-category\/home-care-products\/"},{"@type":"ListItem","position":4,"name":"\u201eLife Miracle\u201c stain and odor remover"}]},{"@type":"WebSite","@id":"https:\/\/nanotekas.lt\/en\/#website","url":"https:\/\/nanotekas.lt\/en\/","name":"Nanotekas","description":"Caring at nano scale","potentialAction":[{"@type":"SearchAction","target":{"@type":"EntryPoint","urlTemplate":"https:\/\/nanotekas.lt\/en\/?s={search_term_string}"},"query-input":{"@type":"PropertyValueSpecification","valueRequired":true,"valueName":"search_term_string"}}],"inLanguage":"en-US"}]}},"_links":{"self":[{"href":"https:\/\/nanotekas.lt\/en\/wp-json\/wp\/v2\/product\/42789","targetHints":{"allow":["GET"]}}],"collection":[{"href":"https:\/\/nanotekas.lt\/en\/wp-json\/wp\/v2\/product"}],"about":[{"href":"https:\/\/nanotekas.lt\/en\/wp-json\/wp\/v2\/types\/product"}],"replies":[{"embeddable":true,"href":"https:\/\/nanotekas.lt\/en\/wp-json\/wp\/v2\/comments?post=42789"}],"wp:featuredmedia":[{"embeddable":true,"href":"https:\/\/nanotekas.lt\/en\/wp-json\/wp\/v2\/media\/1361"}],"wp:attachment":[{"href":"https:\/\/nanotekas.lt\/en\/wp-json\/wp\/v2\/media?parent=42789"}],"wp:term":[{"taxonomy":"product_brand","embeddable":true,"href":"https:\/\/nanotekas.lt\/en\/wp-json\/wp\/v2\/product_brand?post=42789"},{"taxonomy":"product_cat","embeddable":true,"href":"https:\/\/nanotekas.lt\/en\/wp-json\/wp\/v2\/product_cat?post=42789"},{"taxonomy":"product_tag","embeddable":true,"href":"https:\/\/nanotekas.lt\/en\/wp-json\/wp\/v2\/product_tag?post=42789"}],"curies":[{"name":"wp","href":"https:\/\/api.w.org\/{rel}","templated":true}]}}