{"id":42784,"date":"2024-07-15T09:37:34","date_gmt":"2024-07-15T06:37:34","guid":{"rendered":"https:\/\/nanotekas.lt\/produktas\/keralux-cleaning-cloth-nubuck-suede-leather\/"},"modified":"2025-01-29T10:14:44","modified_gmt":"2025-01-29T08:14:44","slug":"keralux-cleaning-cloth-nubuck-suede-leather","status":"publish","type":"product","link":"https:\/\/nanotekas.lt\/en\/produktas\/keralux-cleaning-cloth-nubuck-suede-leather\/","title":{"rendered":"Keralux Cleaning Cloth (nubuck, suede leather)"},"content":{"rendered":"<h5>User instructions<\/h5>\n<p>For optimal leather maintenance, use this cleaning cloth once per month. Do not use force when cleaning (avoid rubbing one specific spot, try cleaning larger area all the time). Is not suitable for old stain or dirt removal. Cloth and leather surface must be completely dry. Color of leather might change a bit after cleaning procedure. Cloth can be washed (we recommend washing by hand). A few pieces of the cloth may break off during cleaning, this is completely normal and necessary for the ideal care of the leather.<\/p>\n<h5>Packing contains<\/h5>\n<p>1 cleaning cloth<\/p>\n<div id=\"gtx-trans\" style=\"position: absolute; left: -3px; top: 161.463px;\">\n<div class=\"gtx-trans-icon\"><\/div>\n<\/div>\n","protected":false},"excerpt":{"rendered":"<p>Keralux cleaning cloth for nubuck, suede leather. Restores color and cleans dirt stains.<\/p>\n","protected":false},"featured_media":1263,"comment_status":"open","ping_status":"closed","template":"","meta":{"_acf_changed":false},"product_brand":[],"product_cat":[88,111],"product_tag":[],"class_list":{"0":"post-42784","1":"product","2":"type-product","3":"status-publish","4":"has-post-thumbnail","6":"product_cat-home-care-products","7":"product_cat-cleaning-cloths-scrubs","9":"first","10":"outofstock","11":"taxable","12":"shipping-taxable","13":"purchasable","14":"product-type-simple"},"composite_virtual":false,"composite_layout":"","composite_add_to_cart_form_location":"","composite_editable_in_cart":false,"composite_sold_individually_context":"","composite_shop_price_calc":"","composite_components":[],"composite_scenarios":[],"bundle_layout":"","bundle_add_to_cart_form_location":"","bundle_editable_in_cart":false,"bundle_sold_individually_context":"","bundle_item_grouping":"","bundle_min_size":"","bundle_max_size":"","bundled_by":[],"bundled_items":[],"acf":[],"gallery_images":[1262],"yoast_head":"<!-- This site is optimized with the Yoast SEO plugin v26.8 - https:\/\/yoast.com\/product\/yoast-seo-wordpress\/ -->\n<title>Keralux Cleaning Cloth (nubuck, suede leather) - Nanotekas<\/title>\n<meta name=\"robots\" content=\"index, follow, max-snippet:-1, max-image-preview:large, max-video-preview:-1\" \/>\n<link rel=\"canonical\" href=\"https:\/\/nanotekas.lt\/en\/produktas\/keralux-cleaning-cloth-nubuck-suede-leather\/\" \/>\n<meta property=\"og:locale\" content=\"en_US\" \/>\n<meta property=\"og:type\" content=\"article\" \/>\n<meta property=\"og:title\" content=\"Keralux Cleaning Cloth (nubuck, suede leather) - Nanotekas\" \/>\n<meta property=\"og:description\" content=\"Keralux cleaning cloth for nubuck, suede leather. Restores color and cleans dirt stains.\" \/>\n<meta property=\"og:url\" content=\"https:\/\/nanotekas.lt\/en\/produktas\/keralux-cleaning-cloth-nubuck-suede-leather\/\" \/>\n<meta property=\"og:site_name\" content=\"Nanotekas\" \/>\n<meta property=\"article:modified_time\" content=\"2025-01-29T08:14:44+00:00\" \/>\n<meta property=\"og:image\" content=\"https:\/\/nanotekas.lt\/wp-content\/uploads\/2024\/07\/sluoste-nabukui.png\" \/>\n\t<meta property=\"og:image:width\" content=\"1200\" \/>\n\t<meta property=\"og:image:height\" content=\"1200\" \/>\n\t<meta property=\"og:image:type\" content=\"image\/png\" \/>\n<meta name=\"twitter:card\" content=\"summary_large_image\" \/>\n<!-- \/ Yoast SEO plugin. -->","yoast_head_json":{"title":"Keralux Cleaning Cloth (nubuck, suede leather) - Nanotekas","robots":{"index":"index","follow":"follow","max-snippet":"max-snippet:-1","max-image-preview":"max-image-preview:large","max-video-preview":"max-video-preview:-1"},"canonical":"https:\/\/nanotekas.lt\/en\/produktas\/keralux-cleaning-cloth-nubuck-suede-leather\/","og_locale":"en_US","og_type":"article","og_title":"Keralux Cleaning Cloth (nubuck, suede leather) - Nanotekas","og_description":"Keralux cleaning cloth for nubuck, suede leather. Restores color and cleans dirt stains.","og_url":"https:\/\/nanotekas.lt\/en\/produktas\/keralux-cleaning-cloth-nubuck-suede-leather\/","og_site_name":"Nanotekas","article_modified_time":"2025-01-29T08:14:44+00:00","og_image":[{"width":1200,"height":1200,"url":"https:\/\/nanotekas.lt\/wp-content\/uploads\/2024\/07\/sluoste-nabukui.png","type":"image\/png"}],"twitter_card":"summary_large_image","schema":{"@context":"https:\/\/schema.org","@graph":[{"@type":"WebPage","@id":"https:\/\/nanotekas.lt\/en\/produktas\/keralux-cleaning-cloth-nubuck-suede-leather\/","url":"https:\/\/nanotekas.lt\/en\/produktas\/keralux-cleaning-cloth-nubuck-suede-leather\/","name":"Keralux Cleaning Cloth (nubuck, suede leather) - Nanotekas","isPartOf":{"@id":"https:\/\/nanotekas.lt\/en\/#website"},"primaryImageOfPage":{"@id":"https:\/\/nanotekas.lt\/en\/produktas\/keralux-cleaning-cloth-nubuck-suede-leather\/#primaryimage"},"image":{"@id":"https:\/\/nanotekas.lt\/en\/produktas\/keralux-cleaning-cloth-nubuck-suede-leather\/#primaryimage"},"thumbnailUrl":"https:\/\/nanotekas.lt\/wp-content\/uploads\/2024\/07\/sluoste-nabukui.png","datePublished":"2024-07-15T06:37:34+00:00","dateModified":"2025-01-29T08:14:44+00:00","breadcrumb":{"@id":"https:\/\/nanotekas.lt\/en\/produktas\/keralux-cleaning-cloth-nubuck-suede-leather\/#breadcrumb"},"inLanguage":"en-US","potentialAction":[{"@type":"ReadAction","target":["https:\/\/nanotekas.lt\/en\/produktas\/keralux-cleaning-cloth-nubuck-suede-leather\/"]}]},{"@type":"ImageObject","inLanguage":"en-US","@id":"https:\/\/nanotekas.lt\/en\/produktas\/keralux-cleaning-cloth-nubuck-suede-leather\/#primaryimage","url":"https:\/\/nanotekas.lt\/wp-content\/uploads\/2024\/07\/sluoste-nabukui.png","contentUrl":"https:\/\/nanotekas.lt\/wp-content\/uploads\/2024\/07\/sluoste-nabukui.png","width":1200,"height":1200,"caption":"\u0160luost\u0117s nubuko, zom\u0161o valymui Keralux Cleaning Cloth"},{"@type":"BreadcrumbList","@id":"https:\/\/nanotekas.lt\/en\/produktas\/keralux-cleaning-cloth-nubuck-suede-leather\/#breadcrumb","itemListElement":[{"@type":"ListItem","position":1,"name":"Homepage","item":"https:\/\/nanotekas.lt\/en\/homepage\/"},{"@type":"ListItem","position":2,"name":"Shop","item":"https:\/\/nanotekas.lt\/en\/shop\/"},{"@type":"ListItem","position":3,"name":"Home care products","item":"https:\/\/nanotekas.lt\/en\/product-category\/home-care-products\/"},{"@type":"ListItem","position":4,"name":"Cleaning cloths &amp; scrubs","item":"https:\/\/nanotekas.lt\/en\/product-category\/home-care-products\/cleaning-cloths-scrubs\/"},{"@type":"ListItem","position":5,"name":"Keralux Cleaning Cloth (nubuck, suede leather)"}]},{"@type":"WebSite","@id":"https:\/\/nanotekas.lt\/en\/#website","url":"https:\/\/nanotekas.lt\/en\/","name":"Nanotekas","description":"Caring at nano scale","potentialAction":[{"@type":"SearchAction","target":{"@type":"EntryPoint","urlTemplate":"https:\/\/nanotekas.lt\/en\/?s={search_term_string}"},"query-input":{"@type":"PropertyValueSpecification","valueRequired":true,"valueName":"search_term_string"}}],"inLanguage":"en-US"}]}},"_links":{"self":[{"href":"https:\/\/nanotekas.lt\/en\/wp-json\/wp\/v2\/product\/42784","targetHints":{"allow":["GET"]}}],"collection":[{"href":"https:\/\/nanotekas.lt\/en\/wp-json\/wp\/v2\/product"}],"about":[{"href":"https:\/\/nanotekas.lt\/en\/wp-json\/wp\/v2\/types\/product"}],"replies":[{"embeddable":true,"href":"https:\/\/nanotekas.lt\/en\/wp-json\/wp\/v2\/comments?post=42784"}],"wp:featuredmedia":[{"embeddable":true,"href":"https:\/\/nanotekas.lt\/en\/wp-json\/wp\/v2\/media\/1263"}],"wp:attachment":[{"href":"https:\/\/nanotekas.lt\/en\/wp-json\/wp\/v2\/media?parent=42784"}],"wp:term":[{"taxonomy":"product_brand","embeddable":true,"href":"https:\/\/nanotekas.lt\/en\/wp-json\/wp\/v2\/product_brand?post=42784"},{"taxonomy":"product_cat","embeddable":true,"href":"https:\/\/nanotekas.lt\/en\/wp-json\/wp\/v2\/product_cat?post=42784"},{"taxonomy":"product_tag","embeddable":true,"href":"https:\/\/nanotekas.lt\/en\/wp-json\/wp\/v2\/product_tag?post=42784"}],"curies":[{"name":"wp","href":"https:\/\/api.w.org\/{rel}","templated":true}]}}