{"id":42783,"date":"2024-07-15T09:42:29","date_gmt":"2024-07-15T06:42:29","guid":{"rendered":"https:\/\/nanotekas.lt\/produktas\/keralux-ballpoint-pen-remover-ii\/"},"modified":"2025-01-29T10:15:07","modified_gmt":"2025-01-29T08:15:07","slug":"keralux-ballpoint-pen-remover-ii","status":"publish","type":"product","link":"https:\/\/nanotekas.lt\/en\/produktas\/keralux-ballpoint-pen-remover-ii\/","title":{"rendered":"KERALUX\u00ae Ballpoint Pen Remover II"},"content":{"rendered":"<p>An effective cleaner that removes old pen, ink and lipstick stains.<\/p>\n<h5>User instructions<\/h5>\n<p>Shake the bottle well and moisten a cotton swab. First, test on a less visible area to see if it does not change the color of the leather. If You see an undesired color change, do not use this product for that specific item.<\/p>\n<p>Clean the stain without pressing hard with the cotton swab and immediately wipe with a clean paper towel. Please proceed with cleaning for no less than 5 seconds to see any effect. Please allow the leather to dry completely after cleaning. If the stain remains, please repeat cleaning process.<\/p>\n<p>After cleaning, we recommend also using KERALUX Soft Cleaner and KERALUX Care lotion.<\/p>\n<div id=\"gtx-trans\" style=\"position: absolute; left: -7px; top: 136.062px;\">\n<div class=\"gtx-trans-icon\"><\/div>\n<\/div>\n","protected":false},"excerpt":{"rendered":"<p>Old ink stain remover<\/p>\n","protected":false},"featured_media":1260,"comment_status":"open","ping_status":"closed","template":"","meta":{"_acf_changed":false},"product_brand":[],"product_cat":[88,89],"product_tag":[],"class_list":{"0":"post-42783","1":"product","2":"type-product","3":"status-publish","4":"has-post-thumbnail","6":"product_cat-home-care-products","7":"product_cat-home-cleaners","9":"first","10":"instock","11":"taxable","12":"shipping-taxable","13":"purchasable","14":"product-type-simple"},"composite_virtual":false,"composite_layout":"","composite_add_to_cart_form_location":"","composite_editable_in_cart":false,"composite_sold_individually_context":"","composite_shop_price_calc":"","composite_components":[],"composite_scenarios":[],"bundle_layout":"","bundle_add_to_cart_form_location":"","bundle_editable_in_cart":false,"bundle_sold_individually_context":"","bundle_item_grouping":"","bundle_min_size":"","bundle_max_size":"","bundled_by":[],"bundled_items":[],"acf":[],"gallery_images":[1259],"yoast_head":"<!-- This site is optimized with the Yoast SEO plugin v26.8 - https:\/\/yoast.com\/product\/yoast-seo-wordpress\/ -->\n<title>KERALUX\u00ae Ballpoint Pen Remover II - Nanotekas<\/title>\n<meta name=\"robots\" content=\"index, follow, max-snippet:-1, max-image-preview:large, max-video-preview:-1\" \/>\n<link rel=\"canonical\" href=\"https:\/\/nanotekas.lt\/en\/produktas\/keralux-ballpoint-pen-remover-ii\/\" \/>\n<meta property=\"og:locale\" content=\"en_US\" \/>\n<meta property=\"og:type\" content=\"article\" \/>\n<meta property=\"og:title\" content=\"KERALUX\u00ae Ballpoint Pen Remover II - Nanotekas\" \/>\n<meta property=\"og:description\" content=\"Old ink stain remover\" \/>\n<meta property=\"og:url\" content=\"https:\/\/nanotekas.lt\/en\/produktas\/keralux-ballpoint-pen-remover-ii\/\" \/>\n<meta property=\"og:site_name\" content=\"Nanotekas\" \/>\n<meta property=\"article:modified_time\" content=\"2025-01-29T08:15:07+00:00\" \/>\n<meta property=\"og:image\" content=\"https:\/\/nanotekas.lt\/wp-content\/uploads\/2024\/07\/Ballpoint-pen-remover-II-2.png\" \/>\n\t<meta property=\"og:image:width\" content=\"1200\" \/>\n\t<meta property=\"og:image:height\" content=\"1200\" \/>\n\t<meta property=\"og:image:type\" content=\"image\/png\" \/>\n<meta name=\"twitter:card\" content=\"summary_large_image\" \/>\n<meta name=\"twitter:label1\" content=\"Est. reading time\" \/>\n\t<meta name=\"twitter:data1\" content=\"1 minute\" \/>\n<!-- \/ Yoast SEO plugin. -->","yoast_head_json":{"title":"KERALUX\u00ae Ballpoint Pen Remover II - Nanotekas","robots":{"index":"index","follow":"follow","max-snippet":"max-snippet:-1","max-image-preview":"max-image-preview:large","max-video-preview":"max-video-preview:-1"},"canonical":"https:\/\/nanotekas.lt\/en\/produktas\/keralux-ballpoint-pen-remover-ii\/","og_locale":"en_US","og_type":"article","og_title":"KERALUX\u00ae Ballpoint Pen Remover II - Nanotekas","og_description":"Old ink stain remover","og_url":"https:\/\/nanotekas.lt\/en\/produktas\/keralux-ballpoint-pen-remover-ii\/","og_site_name":"Nanotekas","article_modified_time":"2025-01-29T08:15:07+00:00","og_image":[{"width":1200,"height":1200,"url":"https:\/\/nanotekas.lt\/wp-content\/uploads\/2024\/07\/Ballpoint-pen-remover-II-2.png","type":"image\/png"}],"twitter_card":"summary_large_image","twitter_misc":{"Est. reading time":"1 minute"},"schema":{"@context":"https:\/\/schema.org","@graph":[{"@type":"WebPage","@id":"https:\/\/nanotekas.lt\/en\/produktas\/keralux-ballpoint-pen-remover-ii\/","url":"https:\/\/nanotekas.lt\/en\/produktas\/keralux-ballpoint-pen-remover-ii\/","name":"KERALUX\u00ae Ballpoint Pen Remover II - Nanotekas","isPartOf":{"@id":"https:\/\/nanotekas.lt\/en\/#website"},"primaryImageOfPage":{"@id":"https:\/\/nanotekas.lt\/en\/produktas\/keralux-ballpoint-pen-remover-ii\/#primaryimage"},"image":{"@id":"https:\/\/nanotekas.lt\/en\/produktas\/keralux-ballpoint-pen-remover-ii\/#primaryimage"},"thumbnailUrl":"https:\/\/nanotekas.lt\/wp-content\/uploads\/2024\/07\/Ballpoint-pen-remover-II-2.png","datePublished":"2024-07-15T06:42:29+00:00","dateModified":"2025-01-29T08:15:07+00:00","breadcrumb":{"@id":"https:\/\/nanotekas.lt\/en\/produktas\/keralux-ballpoint-pen-remover-ii\/#breadcrumb"},"inLanguage":"en-US","potentialAction":[{"@type":"ReadAction","target":["https:\/\/nanotekas.lt\/en\/produktas\/keralux-ballpoint-pen-remover-ii\/"]}]},{"@type":"ImageObject","inLanguage":"en-US","@id":"https:\/\/nanotekas.lt\/en\/produktas\/keralux-ballpoint-pen-remover-ii\/#primaryimage","url":"https:\/\/nanotekas.lt\/wp-content\/uploads\/2024\/07\/Ballpoint-pen-remover-II-2.png","contentUrl":"https:\/\/nanotekas.lt\/wp-content\/uploads\/2024\/07\/Ballpoint-pen-remover-II-2.png","width":1200,"height":1200,"caption":"Ra\u0161iklio d\u0117mi\u0173 valiklis (senoms d\u0117m\u0117ms) KERALUX\u00ae Ballpoint Pen Remover II"},{"@type":"BreadcrumbList","@id":"https:\/\/nanotekas.lt\/en\/produktas\/keralux-ballpoint-pen-remover-ii\/#breadcrumb","itemListElement":[{"@type":"ListItem","position":1,"name":"Homepage","item":"https:\/\/nanotekas.lt\/en\/homepage\/"},{"@type":"ListItem","position":2,"name":"Shop","item":"https:\/\/nanotekas.lt\/en\/shop\/"},{"@type":"ListItem","position":3,"name":"Home care products","item":"https:\/\/nanotekas.lt\/en\/product-category\/home-care-products\/"},{"@type":"ListItem","position":4,"name":"KERALUX\u00ae Ballpoint Pen Remover II"}]},{"@type":"WebSite","@id":"https:\/\/nanotekas.lt\/en\/#website","url":"https:\/\/nanotekas.lt\/en\/","name":"Nanotekas","description":"Caring at nano scale","potentialAction":[{"@type":"SearchAction","target":{"@type":"EntryPoint","urlTemplate":"https:\/\/nanotekas.lt\/en\/?s={search_term_string}"},"query-input":{"@type":"PropertyValueSpecification","valueRequired":true,"valueName":"search_term_string"}}],"inLanguage":"en-US"}]}},"_links":{"self":[{"href":"https:\/\/nanotekas.lt\/en\/wp-json\/wp\/v2\/product\/42783","targetHints":{"allow":["GET"]}}],"collection":[{"href":"https:\/\/nanotekas.lt\/en\/wp-json\/wp\/v2\/product"}],"about":[{"href":"https:\/\/nanotekas.lt\/en\/wp-json\/wp\/v2\/types\/product"}],"replies":[{"embeddable":true,"href":"https:\/\/nanotekas.lt\/en\/wp-json\/wp\/v2\/comments?post=42783"}],"wp:featuredmedia":[{"embeddable":true,"href":"https:\/\/nanotekas.lt\/en\/wp-json\/wp\/v2\/media\/1260"}],"wp:attachment":[{"href":"https:\/\/nanotekas.lt\/en\/wp-json\/wp\/v2\/media?parent=42783"}],"wp:term":[{"taxonomy":"product_brand","embeddable":true,"href":"https:\/\/nanotekas.lt\/en\/wp-json\/wp\/v2\/product_brand?post=42783"},{"taxonomy":"product_cat","embeddable":true,"href":"https:\/\/nanotekas.lt\/en\/wp-json\/wp\/v2\/product_cat?post=42783"},{"taxonomy":"product_tag","embeddable":true,"href":"https:\/\/nanotekas.lt\/en\/wp-json\/wp\/v2\/product_tag?post=42783"}],"curies":[{"name":"wp","href":"https:\/\/api.w.org\/{rel}","templated":true}]}}