{"id":42708,"date":"2024-07-15T12:40:19","date_gmt":"2024-07-15T09:40:19","guid":{"rendered":"https:\/\/nanotekas.lt\/produktas\/makeup-application-sponge-beauty-s\/"},"modified":"2026-04-02T03:52:15","modified_gmt":"2026-04-02T00:52:15","slug":"makeup-application-sponge-beauty-s","status":"publish","type":"product","link":"https:\/\/nanotekas.lt\/en\/produktas\/makeup-application-sponge-beauty-s\/","title":{"rendered":"Makeup application sponge Beauty S"},"content":{"rendered":"<p>This is one of the most innovative products in the makeup world &#8211; hydrophilic PU sponges for makeup base application These sponges are made of a special material &#8211; hydrophilic polyurethane (PU), which has particularly useful properties for applying foundation and blush. The special structure of fine micropores ensures an even, easy distribution of makeup, and the ergonomic shape of the sponge will allow you to choose the most convenient angle for each part of the face (pointed tip for hard-to-reach places or where carefull touch is needed, and the thick side of the sponge for easily accessible, larger area places).<\/p>\n<h5><strong>PRODUCT USAGE:<\/strong><\/h5>\n<ol>\n<li>Wet the sponge well.<\/li>\n<li>Wring it softly into a towel (the sponge must stay slightly damp).<\/li>\n<li>Apply the makeup.<\/li>\n<li>Thoroughly wash the sponge (use micellar water or any other makeup cleaner).<\/li>\n<li>Leave the sponge to dry.<\/li>\n<\/ol>\n<h5 style=\"text-align: justify;\"><strong>ATTENTION:<\/strong><\/h5>\n<p style=\"text-align: justify;\">do not use it for nail lacquer removal (do not use with cleaners containing acids, acetates etc.) Wash it using only high-quality makeup removers and warm water. Keep in dry, closed space. Keep out of reach of the children.<\/p>\n<div id=\"gtx-trans\" style=\"position: absolute; left: -9px; top: 368.062px;\">\n<div class=\"gtx-trans-icon\"><\/div>\n<\/div>\n","protected":false},"excerpt":{"rendered":"<p>One of the most innovative products in makeup world &#8211; hydrophilic PU sponge for makeup application! size S.<\/p>\n","protected":false},"featured_media":1182,"comment_status":"open","ping_status":"closed","template":"","meta":{"_acf_changed":false},"product_brand":[],"product_cat":[108],"product_tag":[],"class_list":{"0":"post-42708","1":"product","2":"type-product","3":"status-publish","4":"has-post-thumbnail","6":"product_cat-beauty-products","8":"first","9":"instock","10":"taxable","11":"shipping-taxable","12":"purchasable","13":"product-type-simple"},"composite_virtual":false,"composite_layout":"","composite_add_to_cart_form_location":"","composite_editable_in_cart":false,"composite_sold_individually_context":"","composite_shop_price_calc":"","composite_components":[],"composite_scenarios":[],"bundle_layout":"","bundle_add_to_cart_form_location":"","bundle_editable_in_cart":false,"bundle_sold_individually_context":"","bundle_item_grouping":"","bundle_min_size":"","bundle_max_size":"","bundled_by":[],"bundled_items":[],"acf":[],"gallery_images":[1182,1186,1190,1192],"yoast_head":"<!-- This site is optimized with the Yoast SEO plugin v26.8 - https:\/\/yoast.com\/product\/yoast-seo-wordpress\/ -->\n<title>Makeup application sponge Beauty S - Nanotekas<\/title>\n<meta name=\"robots\" content=\"index, follow, max-snippet:-1, max-image-preview:large, max-video-preview:-1\" \/>\n<link rel=\"canonical\" href=\"https:\/\/nanotekas.lt\/en\/produktas\/makeup-application-sponge-beauty-s\/\" \/>\n<meta property=\"og:locale\" content=\"en_US\" \/>\n<meta property=\"og:type\" content=\"article\" \/>\n<meta property=\"og:title\" content=\"Makeup application sponge Beauty S - Nanotekas\" \/>\n<meta property=\"og:description\" content=\"One of the most innovative products in makeup world - hydrophilic PU sponge for makeup application! size S.\" \/>\n<meta property=\"og:url\" content=\"https:\/\/nanotekas.lt\/en\/produktas\/makeup-application-sponge-beauty-s\/\" \/>\n<meta property=\"og:site_name\" content=\"Nanotekas\" \/>\n<meta property=\"article:modified_time\" content=\"2026-04-02T00:52:15+00:00\" \/>\n<meta property=\"og:image\" content=\"https:\/\/nanotekas.lt\/wp-content\/uploads\/2024\/07\/Nano-care-beauty-S_1.png\" \/>\n\t<meta property=\"og:image:width\" content=\"1200\" \/>\n\t<meta property=\"og:image:height\" content=\"1200\" \/>\n\t<meta property=\"og:image:type\" content=\"image\/png\" \/>\n<meta name=\"twitter:card\" content=\"summary_large_image\" \/>\n<meta name=\"twitter:label1\" content=\"Est. reading time\" \/>\n\t<meta name=\"twitter:data1\" content=\"1 minute\" \/>\n<!-- \/ Yoast SEO plugin. -->","yoast_head_json":{"title":"Makeup application sponge Beauty S - Nanotekas","robots":{"index":"index","follow":"follow","max-snippet":"max-snippet:-1","max-image-preview":"max-image-preview:large","max-video-preview":"max-video-preview:-1"},"canonical":"https:\/\/nanotekas.lt\/en\/produktas\/makeup-application-sponge-beauty-s\/","og_locale":"en_US","og_type":"article","og_title":"Makeup application sponge Beauty S - Nanotekas","og_description":"One of the most innovative products in makeup world - hydrophilic PU sponge for makeup application! size S.","og_url":"https:\/\/nanotekas.lt\/en\/produktas\/makeup-application-sponge-beauty-s\/","og_site_name":"Nanotekas","article_modified_time":"2026-04-02T00:52:15+00:00","og_image":[{"width":1200,"height":1200,"url":"https:\/\/nanotekas.lt\/wp-content\/uploads\/2024\/07\/Nano-care-beauty-S_1.png","type":"image\/png"}],"twitter_card":"summary_large_image","twitter_misc":{"Est. reading time":"1 minute"},"schema":{"@context":"https:\/\/schema.org","@graph":[{"@type":"WebPage","@id":"https:\/\/nanotekas.lt\/en\/produktas\/makeup-application-sponge-beauty-s\/","url":"https:\/\/nanotekas.lt\/en\/produktas\/makeup-application-sponge-beauty-s\/","name":"Makeup application sponge Beauty S - Nanotekas","isPartOf":{"@id":"https:\/\/nanotekas.lt\/en\/#website"},"primaryImageOfPage":{"@id":"https:\/\/nanotekas.lt\/en\/produktas\/makeup-application-sponge-beauty-s\/#primaryimage"},"image":{"@id":"https:\/\/nanotekas.lt\/en\/produktas\/makeup-application-sponge-beauty-s\/#primaryimage"},"thumbnailUrl":"https:\/\/nanotekas.lt\/wp-content\/uploads\/2024\/07\/Nano-care-beauty-S_1.png","datePublished":"2024-07-15T09:40:19+00:00","dateModified":"2026-04-02T00:52:15+00:00","breadcrumb":{"@id":"https:\/\/nanotekas.lt\/en\/produktas\/makeup-application-sponge-beauty-s\/#breadcrumb"},"inLanguage":"en-US","potentialAction":[{"@type":"ReadAction","target":["https:\/\/nanotekas.lt\/en\/produktas\/makeup-application-sponge-beauty-s\/"]}]},{"@type":"ImageObject","inLanguage":"en-US","@id":"https:\/\/nanotekas.lt\/en\/produktas\/makeup-application-sponge-beauty-s\/#primaryimage","url":"https:\/\/nanotekas.lt\/wp-content\/uploads\/2024\/07\/Nano-care-beauty-S_1.png","contentUrl":"https:\/\/nanotekas.lt\/wp-content\/uploads\/2024\/07\/Nano-care-beauty-S_1.png","width":1200,"height":1200,"caption":"Nano Kempin\u0117l\u0117 makia\u017eui 3"},{"@type":"BreadcrumbList","@id":"https:\/\/nanotekas.lt\/en\/produktas\/makeup-application-sponge-beauty-s\/#breadcrumb","itemListElement":[{"@type":"ListItem","position":1,"name":"Homepage","item":"https:\/\/nanotekas.lt\/en\/homepage\/"},{"@type":"ListItem","position":2,"name":"Shop","item":"https:\/\/nanotekas.lt\/en\/shop\/"},{"@type":"ListItem","position":3,"name":"Beauty products","item":"https:\/\/nanotekas.lt\/en\/product-category\/beauty-products\/"},{"@type":"ListItem","position":4,"name":"Makeup application sponge Beauty S"}]},{"@type":"WebSite","@id":"https:\/\/nanotekas.lt\/en\/#website","url":"https:\/\/nanotekas.lt\/en\/","name":"Nanotekas","description":"Caring at nano scale","potentialAction":[{"@type":"SearchAction","target":{"@type":"EntryPoint","urlTemplate":"https:\/\/nanotekas.lt\/en\/?s={search_term_string}"},"query-input":{"@type":"PropertyValueSpecification","valueRequired":true,"valueName":"search_term_string"}}],"inLanguage":"en-US"}]}},"_links":{"self":[{"href":"https:\/\/nanotekas.lt\/en\/wp-json\/wp\/v2\/product\/42708","targetHints":{"allow":["GET"]}}],"collection":[{"href":"https:\/\/nanotekas.lt\/en\/wp-json\/wp\/v2\/product"}],"about":[{"href":"https:\/\/nanotekas.lt\/en\/wp-json\/wp\/v2\/types\/product"}],"replies":[{"embeddable":true,"href":"https:\/\/nanotekas.lt\/en\/wp-json\/wp\/v2\/comments?post=42708"}],"wp:featuredmedia":[{"embeddable":true,"href":"https:\/\/nanotekas.lt\/en\/wp-json\/wp\/v2\/media\/1182"}],"wp:attachment":[{"href":"https:\/\/nanotekas.lt\/en\/wp-json\/wp\/v2\/media?parent=42708"}],"wp:term":[{"taxonomy":"product_brand","embeddable":true,"href":"https:\/\/nanotekas.lt\/en\/wp-json\/wp\/v2\/product_brand?post=42708"},{"taxonomy":"product_cat","embeddable":true,"href":"https:\/\/nanotekas.lt\/en\/wp-json\/wp\/v2\/product_cat?post=42708"},{"taxonomy":"product_tag","embeddable":true,"href":"https:\/\/nanotekas.lt\/en\/wp-json\/wp\/v2\/product_tag?post=42708"}],"curies":[{"name":"wp","href":"https:\/\/api.w.org\/{rel}","templated":true}]}}