{"id":42699,"date":"2024-07-15T14:20:01","date_gmt":"2024-07-15T11:20:01","guid":{"rendered":"https:\/\/nanotekas.lt\/produktas\/exfoliating-body-cloth\/"},"modified":"2026-04-02T03:52:14","modified_gmt":"2026-04-02T00:52:14","slug":"exfoliating-body-cloth","status":"publish","type":"product","link":"https:\/\/nanotekas.lt\/en\/produktas\/exfoliating-body-cloth\/","title":{"rendered":"Exfoliating body cloth"},"content":{"rendered":"<p style=\"text-align: justify;\">\u201eNano Care\u201c exfoliating body cloth removes dead skin cells and deeply cleans skin pores. Hinders skin aging, Your skin will become firm and youthful. And all of this just using Your body shampoo or soap! \u201eNano Care\u201c body exfoliator &#8211; safe and effective exfoliating cloth, dedicated for cleaner and healthier skin. The product will not only revive the appearance of your skin, but also give it a youthful glow and help reduce the visible signs of aging. It is a great solution for traveling or for maintaining skin care without additional inconveniences &#8211; no need to carry special cleaning products with you &#8211; a compact reusable exfoliating cloth is enough.<\/p>\n<h5 style=\"text-align: justify;\"><strong>User instructions<\/strong><\/h5>\n<p style=\"text-align: justify;\">Moisten the cloth, you can also use body wash or soap and clean the body skin with light, gentle movements. If You have sensitive skin, use very light and tender moves. After exfoliating procedure, clean the skin with fresh water.<\/p>\n<h5 style=\"text-align: justify;\"><strong>Cleaning process of the exfoliator<\/strong><\/h5>\n<p style=\"text-align: justify;\">Wash the cloth by hand in warm water, or use washing machine with low temperature washing program. After washing the cloth, leave it to dry.<\/p>\n<h5><strong>Attention!<\/strong><\/h5>\n<p>Do not iron!<\/p>\n","protected":false},"excerpt":{"rendered":"<p>Nano Care body exfoliating cloth for tender and thorough skin care<\/p>\n","protected":false},"featured_media":1113,"comment_status":"open","ping_status":"closed","template":"","meta":{"_acf_changed":false},"product_brand":[],"product_cat":[108],"product_tag":[],"class_list":{"0":"post-42699","1":"product","2":"type-product","3":"status-publish","4":"has-post-thumbnail","6":"product_cat-beauty-products","8":"first","9":"instock","10":"taxable","11":"shipping-taxable","12":"purchasable","13":"product-type-simple"},"composite_virtual":false,"composite_layout":"","composite_add_to_cart_form_location":"","composite_editable_in_cart":false,"composite_sold_individually_context":"","composite_shop_price_calc":"","composite_components":[],"composite_scenarios":[],"bundle_layout":"","bundle_add_to_cart_form_location":"","bundle_editable_in_cart":false,"bundle_sold_individually_context":"","bundle_item_grouping":"","bundle_min_size":"","bundle_max_size":"","bundled_by":[],"bundled_items":[],"acf":[],"gallery_images":[1115,1117,1119],"yoast_head":"<!-- This site is optimized with the Yoast SEO plugin v26.8 - https:\/\/yoast.com\/product\/yoast-seo-wordpress\/ -->\n<title>Exfoliating body cloth - Nanotekas<\/title>\n<meta name=\"robots\" content=\"index, follow, max-snippet:-1, max-image-preview:large, max-video-preview:-1\" \/>\n<link rel=\"canonical\" href=\"https:\/\/nanotekas.lt\/en\/produktas\/exfoliating-body-cloth\/\" \/>\n<meta property=\"og:locale\" content=\"en_US\" \/>\n<meta property=\"og:type\" content=\"article\" \/>\n<meta property=\"og:title\" content=\"Exfoliating body cloth - Nanotekas\" \/>\n<meta property=\"og:description\" content=\"Nano Care body exfoliating cloth for tender and thorough skin care\" \/>\n<meta property=\"og:url\" content=\"https:\/\/nanotekas.lt\/en\/produktas\/exfoliating-body-cloth\/\" \/>\n<meta property=\"og:site_name\" content=\"Nanotekas\" \/>\n<meta property=\"article:modified_time\" content=\"2026-04-02T00:52:14+00:00\" \/>\n<meta property=\"og:image\" content=\"https:\/\/nanotekas.lt\/wp-content\/uploads\/2024\/07\/Nano-care-kunui.png\" \/>\n\t<meta property=\"og:image:width\" content=\"1200\" \/>\n\t<meta property=\"og:image:height\" content=\"1200\" \/>\n\t<meta property=\"og:image:type\" content=\"image\/png\" \/>\n<meta name=\"twitter:card\" content=\"summary_large_image\" \/>\n<meta name=\"twitter:label1\" content=\"Est. reading time\" \/>\n\t<meta name=\"twitter:data1\" content=\"1 minute\" \/>\n<!-- \/ Yoast SEO plugin. -->","yoast_head_json":{"title":"Exfoliating body cloth - Nanotekas","robots":{"index":"index","follow":"follow","max-snippet":"max-snippet:-1","max-image-preview":"max-image-preview:large","max-video-preview":"max-video-preview:-1"},"canonical":"https:\/\/nanotekas.lt\/en\/produktas\/exfoliating-body-cloth\/","og_locale":"en_US","og_type":"article","og_title":"Exfoliating body cloth - Nanotekas","og_description":"Nano Care body exfoliating cloth for tender and thorough skin care","og_url":"https:\/\/nanotekas.lt\/en\/produktas\/exfoliating-body-cloth\/","og_site_name":"Nanotekas","article_modified_time":"2026-04-02T00:52:14+00:00","og_image":[{"width":1200,"height":1200,"url":"https:\/\/nanotekas.lt\/wp-content\/uploads\/2024\/07\/Nano-care-kunui.png","type":"image\/png"}],"twitter_card":"summary_large_image","twitter_misc":{"Est. reading time":"1 minute"},"schema":{"@context":"https:\/\/schema.org","@graph":[{"@type":"WebPage","@id":"https:\/\/nanotekas.lt\/en\/produktas\/exfoliating-body-cloth\/","url":"https:\/\/nanotekas.lt\/en\/produktas\/exfoliating-body-cloth\/","name":"Exfoliating body cloth - Nanotekas","isPartOf":{"@id":"https:\/\/nanotekas.lt\/en\/#website"},"primaryImageOfPage":{"@id":"https:\/\/nanotekas.lt\/en\/produktas\/exfoliating-body-cloth\/#primaryimage"},"image":{"@id":"https:\/\/nanotekas.lt\/en\/produktas\/exfoliating-body-cloth\/#primaryimage"},"thumbnailUrl":"https:\/\/nanotekas.lt\/wp-content\/uploads\/2024\/07\/Nano-care-kunui.png","datePublished":"2024-07-15T11:20:01+00:00","dateModified":"2026-04-02T00:52:14+00:00","breadcrumb":{"@id":"https:\/\/nanotekas.lt\/en\/produktas\/exfoliating-body-cloth\/#breadcrumb"},"inLanguage":"en-US","potentialAction":[{"@type":"ReadAction","target":["https:\/\/nanotekas.lt\/en\/produktas\/exfoliating-body-cloth\/"]}]},{"@type":"ImageObject","inLanguage":"en-US","@id":"https:\/\/nanotekas.lt\/en\/produktas\/exfoliating-body-cloth\/#primaryimage","url":"https:\/\/nanotekas.lt\/wp-content\/uploads\/2024\/07\/Nano-care-kunui.png","contentUrl":"https:\/\/nanotekas.lt\/wp-content\/uploads\/2024\/07\/Nano-care-kunui.png","width":1200,"height":1200,"caption":"Nano \u012fvei\u010diamoji k\u016bno \u0161luost\u0117"},{"@type":"BreadcrumbList","@id":"https:\/\/nanotekas.lt\/en\/produktas\/exfoliating-body-cloth\/#breadcrumb","itemListElement":[{"@type":"ListItem","position":1,"name":"Homepage","item":"https:\/\/nanotekas.lt\/en\/homepage\/"},{"@type":"ListItem","position":2,"name":"Shop","item":"https:\/\/nanotekas.lt\/en\/shop\/"},{"@type":"ListItem","position":3,"name":"Beauty products","item":"https:\/\/nanotekas.lt\/en\/product-category\/beauty-products\/"},{"@type":"ListItem","position":4,"name":"Exfoliating body cloth"}]},{"@type":"WebSite","@id":"https:\/\/nanotekas.lt\/en\/#website","url":"https:\/\/nanotekas.lt\/en\/","name":"Nanotekas","description":"Caring at nano scale","potentialAction":[{"@type":"SearchAction","target":{"@type":"EntryPoint","urlTemplate":"https:\/\/nanotekas.lt\/en\/?s={search_term_string}"},"query-input":{"@type":"PropertyValueSpecification","valueRequired":true,"valueName":"search_term_string"}}],"inLanguage":"en-US"}]}},"_links":{"self":[{"href":"https:\/\/nanotekas.lt\/en\/wp-json\/wp\/v2\/product\/42699","targetHints":{"allow":["GET"]}}],"collection":[{"href":"https:\/\/nanotekas.lt\/en\/wp-json\/wp\/v2\/product"}],"about":[{"href":"https:\/\/nanotekas.lt\/en\/wp-json\/wp\/v2\/types\/product"}],"replies":[{"embeddable":true,"href":"https:\/\/nanotekas.lt\/en\/wp-json\/wp\/v2\/comments?post=42699"}],"wp:featuredmedia":[{"embeddable":true,"href":"https:\/\/nanotekas.lt\/en\/wp-json\/wp\/v2\/media\/1113"}],"wp:attachment":[{"href":"https:\/\/nanotekas.lt\/en\/wp-json\/wp\/v2\/media?parent=42699"}],"wp:term":[{"taxonomy":"product_brand","embeddable":true,"href":"https:\/\/nanotekas.lt\/en\/wp-json\/wp\/v2\/product_brand?post=42699"},{"taxonomy":"product_cat","embeddable":true,"href":"https:\/\/nanotekas.lt\/en\/wp-json\/wp\/v2\/product_cat?post=42699"},{"taxonomy":"product_tag","embeddable":true,"href":"https:\/\/nanotekas.lt\/en\/wp-json\/wp\/v2\/product_tag?post=42699"}],"curies":[{"name":"wp","href":"https:\/\/api.w.org\/{rel}","templated":true}]}}