{"id":42680,"date":"2024-07-16T12:17:58","date_gmt":"2024-07-16T09:17:58","guid":{"rendered":"https:\/\/nanotekas.lt\/produktas\/nanotowels-stainless-steel-cleaning-cloth\/"},"modified":"2026-03-03T02:00:11","modified_gmt":"2026-03-03T00:00:11","slug":"nanotowels-stainless-steel-cleaning-cloth","status":"publish","type":"product","link":"https:\/\/nanotekas.lt\/en\/produktas\/nanotowels-stainless-steel-cleaning-cloth\/","title":{"rendered":"NanoTowels stainless steel cleaning cloth"},"content":{"rendered":"<p><strong>\u201eNANO TOWELS\u00ae\u201c REMOVES STREAKS, FINGERPRINTS AND DIRT FROM STAINLESS STEEL USING ONLY WATER.<\/strong> Just like a magnet, it attracts dirt, fingerprints, grease  oils and sediments. \u201eNano Towels\u00ae Stainless\u201c cloth can clean any metal surface without scratching it! Perfect for using in kitchen, bathroom, garage or any other area containing metal surfaces.<\/p>\n<p><strong>SAFE FOR YOU, YOUR FAMILY, CHILDREN, ANIMALS AND DEVICES.<\/strong> With \u201eNano Towels\u00ae Stainless\u201c You will not require toxic chemicals or cleaners. Keep your home clean by avoiding harmful substances with ,,Nano Towels\u00ae Stainless&#8221;. Safe for domestic animals and relatives. The cloth will not scratch stainless steel refrigerators, stoves, microwaves or other appliances.<\/p>\n<p><strong>VALUE ON BOTH SIDES OF THE CLOTH.<\/strong> \u201eNano Towels\u00ae Stainless\u201c is made using two unique and different weaves of the patented Nanolon\u00ae microfiber. In order to clean stainless steel, use soft long-fiber side. If You wish to polish, use the short-fiber side.<\/p>\n<p><strong>CLEANS WITH ONLY WATER\u00ae. . . CONTAINS NO CHEMICALS.<\/strong> Patented \u201eNanolon\u00ae\u201c microfiber material will help to reduce the amount of chemicals used at Your household, majority of which is made using naphta-based products. By reducing toxic household chemicals, you reduce chemical sensitivities and allergies, and protect your hands, skin, food, and food surfaces from these chemicals.<\/p>\n<div id=\"gtx-trans\" style=\"position: absolute; left: -1px; top: 359.8px;\">\n<div class=\"gtx-trans-icon\"><\/div>\n<\/div>\n","protected":false},"excerpt":{"rendered":"<p>Unique microfiber cloth for stainless steel cleaning and maintenance.<\/p>\n","protected":false},"featured_media":1068,"comment_status":"open","ping_status":"closed","template":"","meta":{"_acf_changed":false},"product_brand":[],"product_cat":[88,111],"product_tag":[],"class_list":{"0":"post-42680","1":"product","2":"type-product","3":"status-publish","4":"has-post-thumbnail","6":"product_cat-home-care-products","7":"product_cat-cleaning-cloths-scrubs","9":"first","10":"instock","11":"taxable","12":"shipping-taxable","13":"purchasable","14":"product-type-simple"},"composite_virtual":false,"composite_layout":"","composite_add_to_cart_form_location":"","composite_editable_in_cart":false,"composite_sold_individually_context":"","composite_shop_price_calc":"","composite_components":[],"composite_scenarios":[],"bundle_layout":"","bundle_add_to_cart_form_location":"","bundle_editable_in_cart":false,"bundle_sold_individually_context":"","bundle_item_grouping":"","bundle_min_size":"","bundle_max_size":"","bundled_by":[],"bundled_items":[],"acf":[],"gallery_images":[1070,1072,1074],"yoast_head":"<!-- This site is optimized with the Yoast SEO plugin v26.8 - https:\/\/yoast.com\/product\/yoast-seo-wordpress\/ -->\n<title>NanoTowels stainless steel cleaning cloth - Nanotekas<\/title>\n<meta name=\"robots\" content=\"index, follow, max-snippet:-1, max-image-preview:large, max-video-preview:-1\" \/>\n<link rel=\"canonical\" href=\"https:\/\/nanotekas.lt\/en\/produktas\/nanotowels-stainless-steel-cleaning-cloth\/\" \/>\n<meta property=\"og:locale\" content=\"en_US\" \/>\n<meta property=\"og:type\" content=\"article\" \/>\n<meta property=\"og:title\" content=\"NanoTowels stainless steel cleaning cloth - Nanotekas\" \/>\n<meta property=\"og:description\" content=\"Unique microfiber cloth for stainless steel cleaning and maintenance.\" \/>\n<meta property=\"og:url\" content=\"https:\/\/nanotekas.lt\/en\/produktas\/nanotowels-stainless-steel-cleaning-cloth\/\" \/>\n<meta property=\"og:site_name\" content=\"Nanotekas\" \/>\n<meta property=\"article:modified_time\" content=\"2026-03-03T00:00:11+00:00\" \/>\n<meta property=\"og:image\" content=\"https:\/\/nanotekas.lt\/wp-content\/uploads\/2024\/07\/Stainless-Steel-cloth-1.png\" \/>\n\t<meta property=\"og:image:width\" content=\"1200\" \/>\n\t<meta property=\"og:image:height\" content=\"1200\" \/>\n\t<meta property=\"og:image:type\" content=\"image\/png\" \/>\n<meta name=\"twitter:card\" content=\"summary_large_image\" \/>\n<meta name=\"twitter:label1\" content=\"Est. reading time\" \/>\n\t<meta name=\"twitter:data1\" content=\"1 minute\" \/>\n<!-- \/ Yoast SEO plugin. -->","yoast_head_json":{"title":"NanoTowels stainless steel cleaning cloth - Nanotekas","robots":{"index":"index","follow":"follow","max-snippet":"max-snippet:-1","max-image-preview":"max-image-preview:large","max-video-preview":"max-video-preview:-1"},"canonical":"https:\/\/nanotekas.lt\/en\/produktas\/nanotowels-stainless-steel-cleaning-cloth\/","og_locale":"en_US","og_type":"article","og_title":"NanoTowels stainless steel cleaning cloth - Nanotekas","og_description":"Unique microfiber cloth for stainless steel cleaning and maintenance.","og_url":"https:\/\/nanotekas.lt\/en\/produktas\/nanotowels-stainless-steel-cleaning-cloth\/","og_site_name":"Nanotekas","article_modified_time":"2026-03-03T00:00:11+00:00","og_image":[{"width":1200,"height":1200,"url":"https:\/\/nanotekas.lt\/wp-content\/uploads\/2024\/07\/Stainless-Steel-cloth-1.png","type":"image\/png"}],"twitter_card":"summary_large_image","twitter_misc":{"Est. reading time":"1 minute"},"schema":{"@context":"https:\/\/schema.org","@graph":[{"@type":"WebPage","@id":"https:\/\/nanotekas.lt\/en\/produktas\/nanotowels-stainless-steel-cleaning-cloth\/","url":"https:\/\/nanotekas.lt\/en\/produktas\/nanotowels-stainless-steel-cleaning-cloth\/","name":"NanoTowels stainless steel cleaning cloth - Nanotekas","isPartOf":{"@id":"https:\/\/nanotekas.lt\/en\/#website"},"primaryImageOfPage":{"@id":"https:\/\/nanotekas.lt\/en\/produktas\/nanotowels-stainless-steel-cleaning-cloth\/#primaryimage"},"image":{"@id":"https:\/\/nanotekas.lt\/en\/produktas\/nanotowels-stainless-steel-cleaning-cloth\/#primaryimage"},"thumbnailUrl":"https:\/\/nanotekas.lt\/wp-content\/uploads\/2024\/07\/Stainless-Steel-cloth-1.png","datePublished":"2024-07-16T09:17:58+00:00","dateModified":"2026-03-03T00:00:11+00:00","breadcrumb":{"@id":"https:\/\/nanotekas.lt\/en\/produktas\/nanotowels-stainless-steel-cleaning-cloth\/#breadcrumb"},"inLanguage":"en-US","potentialAction":[{"@type":"ReadAction","target":["https:\/\/nanotekas.lt\/en\/produktas\/nanotowels-stainless-steel-cleaning-cloth\/"]}]},{"@type":"ImageObject","inLanguage":"en-US","@id":"https:\/\/nanotekas.lt\/en\/produktas\/nanotowels-stainless-steel-cleaning-cloth\/#primaryimage","url":"https:\/\/nanotekas.lt\/wp-content\/uploads\/2024\/07\/Stainless-Steel-cloth-1.png","contentUrl":"https:\/\/nanotekas.lt\/wp-content\/uploads\/2024\/07\/Stainless-Steel-cloth-1.png","width":1200,"height":1200,"caption":"NanoTowels \u0161luost\u0117 ner\u016bdijan\u010diam plienui valyti"},{"@type":"BreadcrumbList","@id":"https:\/\/nanotekas.lt\/en\/produktas\/nanotowels-stainless-steel-cleaning-cloth\/#breadcrumb","itemListElement":[{"@type":"ListItem","position":1,"name":"Homepage","item":"https:\/\/nanotekas.lt\/en\/homepage\/"},{"@type":"ListItem","position":2,"name":"Shop","item":"https:\/\/nanotekas.lt\/en\/shop\/"},{"@type":"ListItem","position":3,"name":"Home care products","item":"https:\/\/nanotekas.lt\/en\/product-category\/home-care-products\/"},{"@type":"ListItem","position":4,"name":"NanoTowels stainless steel cleaning cloth"}]},{"@type":"WebSite","@id":"https:\/\/nanotekas.lt\/en\/#website","url":"https:\/\/nanotekas.lt\/en\/","name":"Nanotekas","description":"Caring at nano scale","potentialAction":[{"@type":"SearchAction","target":{"@type":"EntryPoint","urlTemplate":"https:\/\/nanotekas.lt\/en\/?s={search_term_string}"},"query-input":{"@type":"PropertyValueSpecification","valueRequired":true,"valueName":"search_term_string"}}],"inLanguage":"en-US"}]}},"_links":{"self":[{"href":"https:\/\/nanotekas.lt\/en\/wp-json\/wp\/v2\/product\/42680","targetHints":{"allow":["GET"]}}],"collection":[{"href":"https:\/\/nanotekas.lt\/en\/wp-json\/wp\/v2\/product"}],"about":[{"href":"https:\/\/nanotekas.lt\/en\/wp-json\/wp\/v2\/types\/product"}],"replies":[{"embeddable":true,"href":"https:\/\/nanotekas.lt\/en\/wp-json\/wp\/v2\/comments?post=42680"}],"wp:featuredmedia":[{"embeddable":true,"href":"https:\/\/nanotekas.lt\/en\/wp-json\/wp\/v2\/media\/1068"}],"wp:attachment":[{"href":"https:\/\/nanotekas.lt\/en\/wp-json\/wp\/v2\/media?parent=42680"}],"wp:term":[{"taxonomy":"product_brand","embeddable":true,"href":"https:\/\/nanotekas.lt\/en\/wp-json\/wp\/v2\/product_brand?post=42680"},{"taxonomy":"product_cat","embeddable":true,"href":"https:\/\/nanotekas.lt\/en\/wp-json\/wp\/v2\/product_cat?post=42680"},{"taxonomy":"product_tag","embeddable":true,"href":"https:\/\/nanotekas.lt\/en\/wp-json\/wp\/v2\/product_tag?post=42680"}],"curies":[{"name":"wp","href":"https:\/\/api.w.org\/{rel}","templated":true}]}}