{"id":42671,"date":"2024-07-16T13:15:35","date_gmt":"2024-07-16T10:15:35","guid":{"rendered":"https:\/\/nanotekas.lt\/produktas\/magic-ink-remover-for-fresh-stains\/"},"modified":"2025-01-29T10:30:28","modified_gmt":"2025-01-29T08:30:28","slug":"magic-ink-remover-for-fresh-stains","status":"publish","type":"product","link":"https:\/\/nanotekas.lt\/en\/produktas\/magic-ink-remover-for-fresh-stains\/","title":{"rendered":"Magic ink remover (for fresh stains)"},"content":{"rendered":"<p>This product is dedicated for cleaning fresh stains (no older than 3 days). Can be used to clean ink, pen, lipstick stains from pigmented leather.<\/p>\n<p>NOT SUITABLE for aniline, nubuck, suede and artificial leather.<\/p>\n<h5>Product contains<\/h5>\n<p>10 ml cleaner, cleaning cloth<\/p>\n","protected":false},"excerpt":{"rendered":"<p>Cleaner suitable for recent stains, no older than 72 hours <\/p>\n<div id=\"gtx-trans\" style=\"position: absolute; left: 247px; top: -9.33333px;\">\n<div class=\"gtx-trans-icon\"><\/div>\n<\/div>\n","protected":false},"featured_media":1480,"comment_status":"open","ping_status":"closed","template":"","meta":{"_acf_changed":false},"product_brand":[],"product_cat":[106,88,89],"product_tag":[],"class_list":{"0":"post-42671","1":"product","2":"type-product","3":"status-publish","4":"has-post-thumbnail","6":"product_cat-products-for-interior","7":"product_cat-home-care-products","8":"product_cat-home-cleaners","10":"first","11":"instock","12":"taxable","13":"shipping-taxable","14":"purchasable","15":"product-type-simple"},"composite_virtual":false,"composite_layout":"","composite_add_to_cart_form_location":"","composite_editable_in_cart":false,"composite_sold_individually_context":"","composite_shop_price_calc":"","composite_components":[],"composite_scenarios":[],"bundle_layout":"","bundle_add_to_cart_form_location":"","bundle_editable_in_cart":false,"bundle_sold_individually_context":"","bundle_item_grouping":"","bundle_min_size":"","bundle_max_size":"","bundled_by":[],"bundled_items":[],"acf":[],"gallery_images":[1479,1481],"yoast_head":"<!-- This site is optimized with the Yoast SEO plugin v26.8 - https:\/\/yoast.com\/product\/yoast-seo-wordpress\/ -->\n<title>Magic ink remover (for fresh stains) - Nanotekas<\/title>\n<meta name=\"robots\" content=\"index, follow, max-snippet:-1, max-image-preview:large, max-video-preview:-1\" \/>\n<link rel=\"canonical\" href=\"https:\/\/nanotekas.lt\/en\/produktas\/magic-ink-remover-for-fresh-stains\/\" \/>\n<meta property=\"og:locale\" content=\"en_US\" \/>\n<meta property=\"og:type\" content=\"article\" \/>\n<meta property=\"og:title\" content=\"Magic ink remover (for fresh stains) - Nanotekas\" \/>\n<meta property=\"og:description\" content=\"Cleaner suitable for recent stains, no older than 72 hours\" \/>\n<meta property=\"og:url\" content=\"https:\/\/nanotekas.lt\/en\/produktas\/magic-ink-remover-for-fresh-stains\/\" \/>\n<meta property=\"og:site_name\" content=\"Nanotekas\" \/>\n<meta property=\"article:modified_time\" content=\"2025-01-29T08:30:28+00:00\" \/>\n<meta property=\"og:image\" content=\"https:\/\/nanotekas.lt\/wp-content\/uploads\/2024\/07\/KERALUX-Strong-Protector.png\" \/>\n\t<meta property=\"og:image:width\" content=\"600\" \/>\n\t<meta property=\"og:image:height\" content=\"600\" \/>\n\t<meta property=\"og:image:type\" content=\"image\/png\" \/>\n<meta name=\"twitter:card\" content=\"summary_large_image\" \/>\n<!-- \/ Yoast SEO plugin. -->","yoast_head_json":{"title":"Magic ink remover (for fresh stains) - Nanotekas","robots":{"index":"index","follow":"follow","max-snippet":"max-snippet:-1","max-image-preview":"max-image-preview:large","max-video-preview":"max-video-preview:-1"},"canonical":"https:\/\/nanotekas.lt\/en\/produktas\/magic-ink-remover-for-fresh-stains\/","og_locale":"en_US","og_type":"article","og_title":"Magic ink remover (for fresh stains) - Nanotekas","og_description":"Cleaner suitable for recent stains, no older than 72 hours","og_url":"https:\/\/nanotekas.lt\/en\/produktas\/magic-ink-remover-for-fresh-stains\/","og_site_name":"Nanotekas","article_modified_time":"2025-01-29T08:30:28+00:00","og_image":[{"width":600,"height":600,"url":"https:\/\/nanotekas.lt\/wp-content\/uploads\/2024\/07\/KERALUX-Strong-Protector.png","type":"image\/png"}],"twitter_card":"summary_large_image","schema":{"@context":"https:\/\/schema.org","@graph":[{"@type":"WebPage","@id":"https:\/\/nanotekas.lt\/en\/produktas\/magic-ink-remover-for-fresh-stains\/","url":"https:\/\/nanotekas.lt\/en\/produktas\/magic-ink-remover-for-fresh-stains\/","name":"Magic ink remover (for fresh stains) - Nanotekas","isPartOf":{"@id":"https:\/\/nanotekas.lt\/en\/#website"},"primaryImageOfPage":{"@id":"https:\/\/nanotekas.lt\/en\/produktas\/magic-ink-remover-for-fresh-stains\/#primaryimage"},"image":{"@id":"https:\/\/nanotekas.lt\/en\/produktas\/magic-ink-remover-for-fresh-stains\/#primaryimage"},"thumbnailUrl":"https:\/\/nanotekas.lt\/wp-content\/uploads\/2024\/07\/KERALUX-Strong-Protector.png","datePublished":"2024-07-16T10:15:35+00:00","dateModified":"2025-01-29T08:30:28+00:00","breadcrumb":{"@id":"https:\/\/nanotekas.lt\/en\/produktas\/magic-ink-remover-for-fresh-stains\/#breadcrumb"},"inLanguage":"en-US","potentialAction":[{"@type":"ReadAction","target":["https:\/\/nanotekas.lt\/en\/produktas\/magic-ink-remover-for-fresh-stains\/"]}]},{"@type":"ImageObject","inLanguage":"en-US","@id":"https:\/\/nanotekas.lt\/en\/produktas\/magic-ink-remover-for-fresh-stains\/#primaryimage","url":"https:\/\/nanotekas.lt\/wp-content\/uploads\/2024\/07\/KERALUX-Strong-Protector.png","contentUrl":"https:\/\/nanotekas.lt\/wp-content\/uploads\/2024\/07\/KERALUX-Strong-Protector.png","width":600,"height":600,"caption":"Ra\u0161alo d\u0117mi\u0173 valiklis (\u0161vie\u017eioms d\u0117m\u0117ms)"},{"@type":"BreadcrumbList","@id":"https:\/\/nanotekas.lt\/en\/produktas\/magic-ink-remover-for-fresh-stains\/#breadcrumb","itemListElement":[{"@type":"ListItem","position":1,"name":"Homepage","item":"https:\/\/nanotekas.lt\/en\/homepage\/"},{"@type":"ListItem","position":2,"name":"Shop","item":"https:\/\/nanotekas.lt\/en\/shop\/"},{"@type":"ListItem","position":3,"name":"Home care products","item":"https:\/\/nanotekas.lt\/en\/product-category\/home-care-products\/"},{"@type":"ListItem","position":4,"name":"Magic ink remover (for fresh stains)"}]},{"@type":"WebSite","@id":"https:\/\/nanotekas.lt\/en\/#website","url":"https:\/\/nanotekas.lt\/en\/","name":"Nanotekas","description":"Caring at nano scale","potentialAction":[{"@type":"SearchAction","target":{"@type":"EntryPoint","urlTemplate":"https:\/\/nanotekas.lt\/en\/?s={search_term_string}"},"query-input":{"@type":"PropertyValueSpecification","valueRequired":true,"valueName":"search_term_string"}}],"inLanguage":"en-US"}]}},"_links":{"self":[{"href":"https:\/\/nanotekas.lt\/en\/wp-json\/wp\/v2\/product\/42671","targetHints":{"allow":["GET"]}}],"collection":[{"href":"https:\/\/nanotekas.lt\/en\/wp-json\/wp\/v2\/product"}],"about":[{"href":"https:\/\/nanotekas.lt\/en\/wp-json\/wp\/v2\/types\/product"}],"replies":[{"embeddable":true,"href":"https:\/\/nanotekas.lt\/en\/wp-json\/wp\/v2\/comments?post=42671"}],"wp:featuredmedia":[{"embeddable":true,"href":"https:\/\/nanotekas.lt\/en\/wp-json\/wp\/v2\/media\/1480"}],"wp:attachment":[{"href":"https:\/\/nanotekas.lt\/en\/wp-json\/wp\/v2\/media?parent=42671"}],"wp:term":[{"taxonomy":"product_brand","embeddable":true,"href":"https:\/\/nanotekas.lt\/en\/wp-json\/wp\/v2\/product_brand?post=42671"},{"taxonomy":"product_cat","embeddable":true,"href":"https:\/\/nanotekas.lt\/en\/wp-json\/wp\/v2\/product_cat?post=42671"},{"taxonomy":"product_tag","embeddable":true,"href":"https:\/\/nanotekas.lt\/en\/wp-json\/wp\/v2\/product_tag?post=42671"}],"curies":[{"name":"wp","href":"https:\/\/api.w.org\/{rel}","templated":true}]}}