{"id":42534,"date":"2024-07-17T18:25:55","date_gmt":"2024-07-17T15:25:55","guid":{"rendered":"https:\/\/nanotekas.lt\/produktas\/makeup-removal-cloth\/"},"modified":"2025-01-29T10:36:05","modified_gmt":"2025-01-29T08:36:05","slug":"makeup-removal-cloth","status":"publish","type":"product","link":"https:\/\/nanotekas.lt\/en\/produktas\/makeup-removal-cloth\/","title":{"rendered":"Makeup removal cloth"},"content":{"rendered":"<p style=\"text-align: justify;\">Majority of users spend large amounts on cosmetic products, but the amount spent on cleaning products ir seldom equal. Our skin is the largest and one of most important organs in human body. Makeup, soap, chemicals, sun cream and cosmetic products, even natural skin oils &#8211; together with dirt and dust accumulate in our skin pores. We all think that good wash under the shower is enough to completely clean our skin, but it&#8217;s far from sufficient.<\/p>\n<p style=\"text-align: justify;\">Global market contains more than 70 000 synthetic chemicals. Significant amount of 9000 is used in skin care products. 1200 of them are banned in European Union.<\/p>\n<p style=\"text-align: justify;\">Vast majority is taking care of their health by eating good quality food, but we rarely think that 24 hours per day our body takes in skin care products, including toxic chemicals. Toxins, used in skin care products do not pass through liver or digestive system in general to be filtered out &#8211; they go directly into our bloodstream.<\/p>\n<p style=\"text-align: justify;\">Makeup products and cosmetics, depending on their brand, have lots of harmful chemicals. And even by using these solutions You can&#8217;t make sure that Your skin pores are always clean and not clogged. ,,Nano Towel\u201c makeup removal cloth is an innovative product, which will thoroughly and deeply clean Your skin pores without damaging the surface of the skin.<\/p>\n<p style=\"text-align: justify;\"><strong>Result:<\/strong> deeply cleaned and healthier face skin!<\/p>\n","protected":false},"excerpt":{"rendered":"<p>Life Miracle Ltd. face cleansing cloth is made using Nanolon\u00ae technology<\/p>\n","protected":false},"featured_media":1460,"comment_status":"open","ping_status":"closed","template":"","meta":{"_acf_changed":false},"product_brand":[],"product_cat":[108],"product_tag":[],"class_list":{"0":"post-42534","1":"product","2":"type-product","3":"status-publish","4":"has-post-thumbnail","6":"product_cat-beauty-products","8":"first","9":"outofstock","10":"taxable","11":"shipping-taxable","12":"purchasable","13":"product-type-simple"},"composite_virtual":false,"composite_layout":"","composite_add_to_cart_form_location":"","composite_editable_in_cart":false,"composite_sold_individually_context":"","composite_shop_price_calc":"","composite_components":[],"composite_scenarios":[],"bundle_layout":"","bundle_add_to_cart_form_location":"","bundle_editable_in_cart":false,"bundle_sold_individually_context":"","bundle_item_grouping":"","bundle_min_size":"","bundle_max_size":"","bundled_by":[],"bundled_items":[],"acf":[],"gallery_images":[1461],"yoast_head":"<!-- This site is optimized with the Yoast SEO plugin v26.8 - https:\/\/yoast.com\/product\/yoast-seo-wordpress\/ -->\n<title>Makeup removal cloth - Nanotekas<\/title>\n<meta name=\"robots\" content=\"index, follow, max-snippet:-1, max-image-preview:large, max-video-preview:-1\" \/>\n<link rel=\"canonical\" href=\"https:\/\/nanotekas.lt\/en\/produktas\/makeup-removal-cloth\/\" \/>\n<meta property=\"og:locale\" content=\"en_US\" \/>\n<meta property=\"og:type\" content=\"article\" \/>\n<meta property=\"og:title\" content=\"Makeup removal cloth - Nanotekas\" \/>\n<meta property=\"og:description\" content=\"Life Miracle Ltd. face cleansing cloth is made using Nanolon\u00ae technology\" \/>\n<meta property=\"og:url\" content=\"https:\/\/nanotekas.lt\/en\/produktas\/makeup-removal-cloth\/\" \/>\n<meta property=\"og:site_name\" content=\"Nanotekas\" \/>\n<meta property=\"article:modified_time\" content=\"2025-01-29T08:36:05+00:00\" \/>\n<meta property=\"og:image\" content=\"https:\/\/nanotekas.lt\/wp-content\/uploads\/2024\/07\/towel_1.png\" \/>\n\t<meta property=\"og:image:width\" content=\"1200\" \/>\n\t<meta property=\"og:image:height\" content=\"1200\" \/>\n\t<meta property=\"og:image:type\" content=\"image\/png\" \/>\n<meta name=\"twitter:card\" content=\"summary_large_image\" \/>\n<meta name=\"twitter:label1\" content=\"Est. reading time\" \/>\n\t<meta name=\"twitter:data1\" content=\"1 minute\" \/>\n<!-- \/ Yoast SEO plugin. -->","yoast_head_json":{"title":"Makeup removal cloth - Nanotekas","robots":{"index":"index","follow":"follow","max-snippet":"max-snippet:-1","max-image-preview":"max-image-preview:large","max-video-preview":"max-video-preview:-1"},"canonical":"https:\/\/nanotekas.lt\/en\/produktas\/makeup-removal-cloth\/","og_locale":"en_US","og_type":"article","og_title":"Makeup removal cloth - Nanotekas","og_description":"Life Miracle Ltd. face cleansing cloth is made using Nanolon\u00ae technology","og_url":"https:\/\/nanotekas.lt\/en\/produktas\/makeup-removal-cloth\/","og_site_name":"Nanotekas","article_modified_time":"2025-01-29T08:36:05+00:00","og_image":[{"width":1200,"height":1200,"url":"https:\/\/nanotekas.lt\/wp-content\/uploads\/2024\/07\/towel_1.png","type":"image\/png"}],"twitter_card":"summary_large_image","twitter_misc":{"Est. reading time":"1 minute"},"schema":{"@context":"https:\/\/schema.org","@graph":[{"@type":"WebPage","@id":"https:\/\/nanotekas.lt\/en\/produktas\/makeup-removal-cloth\/","url":"https:\/\/nanotekas.lt\/en\/produktas\/makeup-removal-cloth\/","name":"Makeup removal cloth - Nanotekas","isPartOf":{"@id":"https:\/\/nanotekas.lt\/en\/#website"},"primaryImageOfPage":{"@id":"https:\/\/nanotekas.lt\/en\/produktas\/makeup-removal-cloth\/#primaryimage"},"image":{"@id":"https:\/\/nanotekas.lt\/en\/produktas\/makeup-removal-cloth\/#primaryimage"},"thumbnailUrl":"https:\/\/nanotekas.lt\/wp-content\/uploads\/2024\/07\/towel_1.png","datePublished":"2024-07-17T15:25:55+00:00","dateModified":"2025-01-29T08:36:05+00:00","breadcrumb":{"@id":"https:\/\/nanotekas.lt\/en\/produktas\/makeup-removal-cloth\/#breadcrumb"},"inLanguage":"en-US","potentialAction":[{"@type":"ReadAction","target":["https:\/\/nanotekas.lt\/en\/produktas\/makeup-removal-cloth\/"]}]},{"@type":"ImageObject","inLanguage":"en-US","@id":"https:\/\/nanotekas.lt\/en\/produktas\/makeup-removal-cloth\/#primaryimage","url":"https:\/\/nanotekas.lt\/wp-content\/uploads\/2024\/07\/towel_1.png","contentUrl":"https:\/\/nanotekas.lt\/wp-content\/uploads\/2024\/07\/towel_1.png","width":1200,"height":1200,"caption":"Nano \u0161luost\u0117 makia\u017eo nuvalymui"},{"@type":"BreadcrumbList","@id":"https:\/\/nanotekas.lt\/en\/produktas\/makeup-removal-cloth\/#breadcrumb","itemListElement":[{"@type":"ListItem","position":1,"name":"Homepage","item":"https:\/\/nanotekas.lt\/en\/homepage\/"},{"@type":"ListItem","position":2,"name":"Shop","item":"https:\/\/nanotekas.lt\/en\/shop\/"},{"@type":"ListItem","position":3,"name":"Beauty products","item":"https:\/\/nanotekas.lt\/en\/product-category\/beauty-products\/"},{"@type":"ListItem","position":4,"name":"Makeup removal cloth"}]},{"@type":"WebSite","@id":"https:\/\/nanotekas.lt\/en\/#website","url":"https:\/\/nanotekas.lt\/en\/","name":"Nanotekas","description":"Caring at nano scale","potentialAction":[{"@type":"SearchAction","target":{"@type":"EntryPoint","urlTemplate":"https:\/\/nanotekas.lt\/en\/?s={search_term_string}"},"query-input":{"@type":"PropertyValueSpecification","valueRequired":true,"valueName":"search_term_string"}}],"inLanguage":"en-US"}]}},"_links":{"self":[{"href":"https:\/\/nanotekas.lt\/en\/wp-json\/wp\/v2\/product\/42534","targetHints":{"allow":["GET"]}}],"collection":[{"href":"https:\/\/nanotekas.lt\/en\/wp-json\/wp\/v2\/product"}],"about":[{"href":"https:\/\/nanotekas.lt\/en\/wp-json\/wp\/v2\/types\/product"}],"replies":[{"embeddable":true,"href":"https:\/\/nanotekas.lt\/en\/wp-json\/wp\/v2\/comments?post=42534"}],"wp:featuredmedia":[{"embeddable":true,"href":"https:\/\/nanotekas.lt\/en\/wp-json\/wp\/v2\/media\/1460"}],"wp:attachment":[{"href":"https:\/\/nanotekas.lt\/en\/wp-json\/wp\/v2\/media?parent=42534"}],"wp:term":[{"taxonomy":"product_brand","embeddable":true,"href":"https:\/\/nanotekas.lt\/en\/wp-json\/wp\/v2\/product_brand?post=42534"},{"taxonomy":"product_cat","embeddable":true,"href":"https:\/\/nanotekas.lt\/en\/wp-json\/wp\/v2\/product_cat?post=42534"},{"taxonomy":"product_tag","embeddable":true,"href":"https:\/\/nanotekas.lt\/en\/wp-json\/wp\/v2\/product_tag?post=42534"}],"curies":[{"name":"wp","href":"https:\/\/api.w.org\/{rel}","templated":true}]}}