{"id":42528,"date":"2024-07-30T17:17:10","date_gmt":"2024-07-30T14:17:10","guid":{"rendered":"https:\/\/nanotekas.lt\/produktas\/oil-additive-for-manual-gearboxes\/"},"modified":"2024-11-15T11:19:17","modified_gmt":"2024-11-15T09:19:17","slug":"oil-additive-for-manual-gearboxes","status":"publish","type":"product","link":"https:\/\/nanotekas.lt\/en\/produktas\/oil-additive-for-manual-gearboxes\/","title":{"rendered":"Oil additive for manual gearboxes"},"content":{"rendered":"<h5>Product features:<\/h5>\n<p>Efficient additive, that greatly reduces friction and seals all inner surfaces inside gearboxes. Greatly reduces friction and provides a guaranteed lubrication in the gearbox in all types of temperatures. Keeps all sealing gaskets soft, elastic and fexible. Guarantees easier gear shift and makes the working process more quiet. Improves temperature permeability and helps prevent oxidation of gear oil.<\/p>\n<h5>Areas of application:<\/h5>\n<p>Suitable for all manual gearboxes and differentials. Do not use on automatic transmissions or wet clutches.<\/p>\n<h5>User instructions:<\/h5>\n<p>Add this product to the oil system together with oil. This product is suitable for use with all commercially available gear oils.<\/p>\n<h5>Efficiency:<\/h5>\n<p>50 ml is enough for 2 to 3 litres of oil.<\/p>\n<h5>Available volume:<\/h5>\n<p>50 ml<\/p>\n","protected":false},"excerpt":{"rendered":"<p>Efficient additive, that greatly reduces friction and seals all inner surfaces inside gearboxes. Greatly reduces friction and provides a guaranteed lubrication in the gearbox in all types of temperatures.<\/p>\n","protected":false},"featured_media":1804,"comment_status":"open","ping_status":"closed","template":"","meta":{"_acf_changed":false},"product_brand":[],"product_cat":[87],"product_tag":[],"class_list":{"0":"post-42528","1":"product","2":"type-product","3":"status-publish","4":"has-post-thumbnail","6":"product_cat-engine-additives","8":"first","9":"instock","10":"taxable","11":"shipping-taxable","12":"purchasable","13":"product-type-simple"},"composite_virtual":false,"composite_layout":"","composite_add_to_cart_form_location":"","composite_editable_in_cart":false,"composite_sold_individually_context":"","composite_shop_price_calc":"","composite_components":[],"composite_scenarios":[],"bundle_layout":"","bundle_add_to_cart_form_location":"","bundle_editable_in_cart":false,"bundle_sold_individually_context":"","bundle_item_grouping":"","bundle_min_size":"","bundle_max_size":"","bundled_by":[],"bundled_items":[],"acf":[],"gallery_images":[1803],"yoast_head":"<!-- This site is optimized with the Yoast SEO plugin v26.8 - https:\/\/yoast.com\/product\/yoast-seo-wordpress\/ -->\n<title>Oil additive for manual gearboxes - Nanotekas<\/title>\n<meta name=\"robots\" content=\"index, follow, max-snippet:-1, max-image-preview:large, max-video-preview:-1\" \/>\n<link rel=\"canonical\" href=\"https:\/\/nanotekas.lt\/en\/produktas\/oil-additive-for-manual-gearboxes\/\" \/>\n<meta property=\"og:locale\" content=\"en_US\" \/>\n<meta property=\"og:type\" content=\"article\" \/>\n<meta property=\"og:title\" content=\"Oil additive for manual gearboxes - Nanotekas\" \/>\n<meta property=\"og:description\" content=\"Efficient additive, that greatly reduces friction and seals all inner surfaces inside gearboxes. Greatly reduces friction and provides a guaranteed lubrication in the gearbox in all types of temperatures.\" \/>\n<meta property=\"og:url\" content=\"https:\/\/nanotekas.lt\/en\/produktas\/oil-additive-for-manual-gearboxes\/\" \/>\n<meta property=\"og:site_name\" content=\"Nanotekas\" \/>\n<meta property=\"article:modified_time\" content=\"2024-11-15T09:19:17+00:00\" \/>\n<meta property=\"og:image\" content=\"https:\/\/nanotekas.lt\/wp-content\/uploads\/2024\/07\/easy-gear.png\" \/>\n\t<meta property=\"og:image:width\" content=\"1200\" \/>\n\t<meta property=\"og:image:height\" content=\"1200\" \/>\n\t<meta property=\"og:image:type\" content=\"image\/png\" \/>\n<meta name=\"twitter:card\" content=\"summary_large_image\" \/>\n<meta name=\"twitter:label1\" content=\"Est. reading time\" \/>\n\t<meta name=\"twitter:data1\" content=\"1 minute\" \/>\n<!-- \/ Yoast SEO plugin. -->","yoast_head_json":{"title":"Oil additive for manual gearboxes - Nanotekas","robots":{"index":"index","follow":"follow","max-snippet":"max-snippet:-1","max-image-preview":"max-image-preview:large","max-video-preview":"max-video-preview:-1"},"canonical":"https:\/\/nanotekas.lt\/en\/produktas\/oil-additive-for-manual-gearboxes\/","og_locale":"en_US","og_type":"article","og_title":"Oil additive for manual gearboxes - Nanotekas","og_description":"Efficient additive, that greatly reduces friction and seals all inner surfaces inside gearboxes. Greatly reduces friction and provides a guaranteed lubrication in the gearbox in all types of temperatures.","og_url":"https:\/\/nanotekas.lt\/en\/produktas\/oil-additive-for-manual-gearboxes\/","og_site_name":"Nanotekas","article_modified_time":"2024-11-15T09:19:17+00:00","og_image":[{"width":1200,"height":1200,"url":"https:\/\/nanotekas.lt\/wp-content\/uploads\/2024\/07\/easy-gear.png","type":"image\/png"}],"twitter_card":"summary_large_image","twitter_misc":{"Est. reading time":"1 minute"},"schema":{"@context":"https:\/\/schema.org","@graph":[{"@type":"WebPage","@id":"https:\/\/nanotekas.lt\/en\/produktas\/oil-additive-for-manual-gearboxes\/","url":"https:\/\/nanotekas.lt\/en\/produktas\/oil-additive-for-manual-gearboxes\/","name":"Oil additive for manual gearboxes - Nanotekas","isPartOf":{"@id":"https:\/\/nanotekas.lt\/en\/#website"},"primaryImageOfPage":{"@id":"https:\/\/nanotekas.lt\/en\/produktas\/oil-additive-for-manual-gearboxes\/#primaryimage"},"image":{"@id":"https:\/\/nanotekas.lt\/en\/produktas\/oil-additive-for-manual-gearboxes\/#primaryimage"},"thumbnailUrl":"https:\/\/nanotekas.lt\/wp-content\/uploads\/2024\/07\/easy-gear.png","datePublished":"2024-07-30T14:17:10+00:00","dateModified":"2024-11-15T09:19:17+00:00","breadcrumb":{"@id":"https:\/\/nanotekas.lt\/en\/produktas\/oil-additive-for-manual-gearboxes\/#breadcrumb"},"inLanguage":"en-US","potentialAction":[{"@type":"ReadAction","target":["https:\/\/nanotekas.lt\/en\/produktas\/oil-additive-for-manual-gearboxes\/"]}]},{"@type":"ImageObject","inLanguage":"en-US","@id":"https:\/\/nanotekas.lt\/en\/produktas\/oil-additive-for-manual-gearboxes\/#primaryimage","url":"https:\/\/nanotekas.lt\/wp-content\/uploads\/2024\/07\/easy-gear.png","contentUrl":"https:\/\/nanotekas.lt\/wp-content\/uploads\/2024\/07\/easy-gear.png","width":1200,"height":1200,"caption":"Priedas pavar\u0173 d\u0117\u017eei"},{"@type":"BreadcrumbList","@id":"https:\/\/nanotekas.lt\/en\/produktas\/oil-additive-for-manual-gearboxes\/#breadcrumb","itemListElement":[{"@type":"ListItem","position":1,"name":"Homepage","item":"https:\/\/nanotekas.lt\/en\/homepage\/"},{"@type":"ListItem","position":2,"name":"Shop","item":"https:\/\/nanotekas.lt\/en\/shop\/"},{"@type":"ListItem","position":3,"name":"Engine additives","item":"https:\/\/nanotekas.lt\/en\/product-category\/engine-additives\/"},{"@type":"ListItem","position":4,"name":"Oil additive for manual gearboxes"}]},{"@type":"WebSite","@id":"https:\/\/nanotekas.lt\/en\/#website","url":"https:\/\/nanotekas.lt\/en\/","name":"Nanotekas","description":"Caring at nano scale","potentialAction":[{"@type":"SearchAction","target":{"@type":"EntryPoint","urlTemplate":"https:\/\/nanotekas.lt\/en\/?s={search_term_string}"},"query-input":{"@type":"PropertyValueSpecification","valueRequired":true,"valueName":"search_term_string"}}],"inLanguage":"en-US"}]}},"_links":{"self":[{"href":"https:\/\/nanotekas.lt\/en\/wp-json\/wp\/v2\/product\/42528","targetHints":{"allow":["GET"]}}],"collection":[{"href":"https:\/\/nanotekas.lt\/en\/wp-json\/wp\/v2\/product"}],"about":[{"href":"https:\/\/nanotekas.lt\/en\/wp-json\/wp\/v2\/types\/product"}],"replies":[{"embeddable":true,"href":"https:\/\/nanotekas.lt\/en\/wp-json\/wp\/v2\/comments?post=42528"}],"wp:featuredmedia":[{"embeddable":true,"href":"https:\/\/nanotekas.lt\/en\/wp-json\/wp\/v2\/media\/1804"}],"wp:attachment":[{"href":"https:\/\/nanotekas.lt\/en\/wp-json\/wp\/v2\/media?parent=42528"}],"wp:term":[{"taxonomy":"product_brand","embeddable":true,"href":"https:\/\/nanotekas.lt\/en\/wp-json\/wp\/v2\/product_brand?post=42528"},{"taxonomy":"product_cat","embeddable":true,"href":"https:\/\/nanotekas.lt\/en\/wp-json\/wp\/v2\/product_cat?post=42528"},{"taxonomy":"product_tag","embeddable":true,"href":"https:\/\/nanotekas.lt\/en\/wp-json\/wp\/v2\/product_tag?post=42528"}],"curies":[{"name":"wp","href":"https:\/\/api.w.org\/{rel}","templated":true}]}}